{"id":909,"date":"2019-07-03T07:04:26","date_gmt":"2019-07-03T07:04:26","guid":{"rendered":"http:\/\/stoni.wgl-demo.net\/?page_id=909"},"modified":"2023-09-19T14:13:58","modified_gmt":"2023-09-19T17:13:58","slug":"faq","status":"publish","type":"page","link":"https:\/\/arquimobi.com.br\/arquitetura\/faq\/","title":{"rendered":"FAQ"},"content":{"rendered":"\t\t<div data-elementor-type=\"wp-post\" data-elementor-id=\"909\" class=\"elementor elementor-909\" data-elementor-settings=\"[]\">\n\t\t\t\t\t\t<div class=\"elementor-inner\">\n\t\t\t\t\t\t\t<div class=\"elementor-section-wrap\">\n\t\t\t\t\t\t\t<section class=\"elementor-section elementor-top-section elementor-element elementor-element-83ff9ec elementor-section-boxed elementor-section-height-default elementor-section-height-default\" data-id=\"83ff9ec\" data-element_type=\"section\">\n\t\t\t\t\t\t<div class=\"elementor-container elementor-column-gap-default\">\n\t\t\t\t\t\t\t<div class=\"elementor-row\">\n\t\t\t\t\t<div class=\"elementor-column elementor-col-100 elementor-top-column elementor-element elementor-element-c8b695c\" data-id=\"c8b695c\" data-element_type=\"column\">\n\t\t\t<div class=\"elementor-column-wrap elementor-element-populated\">\n\t\t\t\t\t\t\t<div class=\"elementor-widget-wrap\">\n\t\t\t\t\t\t<div class=\"elementor-element elementor-element-6f89d44 elementor-hidden-tablet elementor-hidden-phone elementor-widget elementor-widget-spacer\" data-id=\"6f89d44\" data-element_type=\"widget\" data-widget_type=\"spacer.default\">\n\t\t\t\t<div class=\"elementor-widget-container\">\n\t\t\t\t\t<div class=\"elementor-spacer\">\n\t\t\t<div class=\"elementor-spacer-inner\"><\/div>\n\t\t<\/div>\n\t\t\t\t<\/div>\n\t\t\t\t<\/div>\n\t\t\t\t\t\t<\/div>\n\t\t\t\t\t<\/div>\n\t\t<\/div>\n\t\t\t\t\t\t\t\t<\/div>\n\t\t\t\t\t<\/div>\n\t\t<\/section>\n\t\t\t\t<section class=\"elementor-section elementor-top-section elementor-element elementor-element-d58f52d elementor-section-boxed elementor-section-height-default elementor-section-height-default\" data-id=\"d58f52d\" data-element_type=\"section\">\n\t\t\t\t\t\t<div class=\"elementor-container elementor-column-gap-default\">\n\t\t\t\t\t\t\t<div class=\"elementor-row\">\n\t\t\t\t\t<div class=\"elementor-column elementor-col-33 elementor-top-column elementor-element elementor-element-ee3085a\" data-id=\"ee3085a\" data-element_type=\"column\">\n\t\t\t<div class=\"elementor-column-wrap\">\n\t\t\t\t\t\t\t<div class=\"elementor-widget-wrap\">\n\t\t\t\t\t\t\t\t<\/div>\n\t\t\t\t\t<\/div>\n\t\t<\/div>\n\t\t\t\t<div class=\"elementor-column elementor-col-33 elementor-top-column elementor-element elementor-element-b075311\" data-id=\"b075311\" data-element_type=\"column\">\n\t\t\t<div class=\"elementor-column-wrap elementor-element-populated\">\n\t\t\t\t\t\t\t<div class=\"elementor-widget-wrap\">\n\t\t\t\t\t\t<div class=\"elementor-element elementor-element-13e1e89 acenter elementor-widget elementor-widget-wgl-double-headings\" data-id=\"13e1e89\" data-element_type=\"widget\" data-widget_type=\"wgl-double-headings.default\">\n\t\t\t\t<div class=\"elementor-widget-container\">\n\t\t\t<div class=\"wgl-double_heading\">                <h3 class=\"dbl-title_wrapper\"><span class=\"dbl-title dbl-title_1\">Perguntas <\/span> <span class=\"dbl-title dbl-title_2\">Frequentes<\/span>                 <\/h3>        <\/div>\t\t<\/div>\n\t\t\t\t<\/div>\n\t\t\t\t<div class=\"elementor-element elementor-element-116c2d6 elementor-widget elementor-widget-text-editor\" data-id=\"116c2d6\" data-element_type=\"widget\" data-widget_type=\"text-editor.default\">\n\t\t\t\t<div class=\"elementor-widget-container\">\n\t\t\t<style>\/*! elementor - v3.5.5 - 03-02-2022 *\/\n.elementor-widget-text-editor.elementor-drop-cap-view-stacked .elementor-drop-cap{background-color:#818a91;color:#fff}.elementor-widget-text-editor.elementor-drop-cap-view-framed .elementor-drop-cap{color:#818a91;border:3px solid;background-color:transparent}.elementor-widget-text-editor:not(.elementor-drop-cap-view-default) .elementor-drop-cap{margin-top:8px}.elementor-widget-text-editor:not(.elementor-drop-cap-view-default) .elementor-drop-cap-letter{width:1em;height:1em}.elementor-widget-text-editor .elementor-drop-cap{float:left;text-align:center;line-height:1;font-size:50px}.elementor-widget-text-editor .elementor-drop-cap-letter{display:inline-block}<\/style>\t\t\t\t\t<div class=\"elementor-text-editor elementor-clearfix\">\n\t\t\t\t<p style=\"text-align: center;\">Algumas perguntas que nos fazem com frequ\u00eancia, j\u00e1 respondidas.<\/p>\t\t\t\t\t<\/div>\n\t\t\t\t\t\t<\/div>\n\t\t\t\t<\/div>\n\t\t\t\t\t\t<\/div>\n\t\t\t\t\t<\/div>\n\t\t<\/div>\n\t\t\t\t<div class=\"elementor-column elementor-col-33 elementor-top-column elementor-element elementor-element-0946781\" data-id=\"0946781\" data-element_type=\"column\">\n\t\t\t<div class=\"elementor-column-wrap\">\n\t\t\t\t\t\t\t<div class=\"elementor-widget-wrap\">\n\t\t\t\t\t\t\t\t<\/div>\n\t\t\t\t\t<\/div>\n\t\t<\/div>\n\t\t\t\t\t\t\t\t<\/div>\n\t\t\t\t\t<\/div>\n\t\t<\/section>\n\t\t\t\t<section class=\"elementor-section elementor-top-section elementor-element elementor-element-d9f65ea elementor-section-boxed elementor-section-height-default elementor-section-height-default\" data-id=\"d9f65ea\" data-element_type=\"section\">\n\t\t\t\t\t\t<div class=\"elementor-container elementor-column-gap-default\">\n\t\t\t\t\t\t\t<div class=\"elementor-row\">\n\t\t\t\t\t<div class=\"elementor-column elementor-col-50 elementor-top-column elementor-element elementor-element-805cac9\" data-id=\"805cac9\" data-element_type=\"column\">\n\t\t\t<div class=\"elementor-column-wrap elementor-element-populated\">\n\t\t\t\t\t\t\t<div class=\"elementor-widget-wrap\">\n\t\t\t\t\t\t<div class=\"elementor-element elementor-element-f290735 elementor-widget elementor-widget-wgl-toggle-accordion\" data-id=\"f290735\" data-element_type=\"widget\" data-widget_type=\"wgl-toggle-accordion.default\">\n\t\t\t\t<div class=\"elementor-widget-container\">\n\t\t\t        <div class=\"wgl-accordion icon-def\" id=\"wgl-accordion-f290735\" data-type=\"toggle\">\r\n\r\n                            <div class=\"wgl-accordion_panel\">\r\n                    <h4 id=\"wgl-accordion_header-2541\" class=\"wgl-accordion_header\" data-default=\"yes\">\r\n                        <span class=\"wgl-accordion_title\">Como vou receber os arquivos do projeto?<\/span>\r\n                        <i class=\"wgl-accordion_icon \"><\/i>                    <\/h4>\r\n                    <div class=\"wgl-accordion_content\"><p>Logo ap\u00f3s efetuar a compra voc\u00ea receber\u00e1 todos os arquivos de forma autom\u00e1tica, voc\u00ea receber\u00e1 em seu e-mail um login e senha para efetuar o download dos arquivos.<\/p><p>Os arquivos ficaram dispon\u00edveis para sempre, por\u00e9m por quest\u00f5es legais preciso te dizer que ele ficar\u00e1 dispon\u00edveis por 2 anos.<\/p><\/div>\r\n                <\/div>\r\n                            <div class=\"wgl-accordion_panel\">\r\n                    <h4 id=\"wgl-accordion_header-2542\" class=\"wgl-accordion_header\" data-default=\"\">\r\n                        <span class=\"wgl-accordion_title\">Quais formatos de arquivos vou receber?<\/span>\r\n                        <i class=\"wgl-accordion_icon \"><\/i>                    <\/h4>\r\n                    <div class=\"wgl-accordion_content\"><p><span>Voc\u00ea receber\u00e1 os arquivos\u00a0nos seguintes formatos:<\/span><\/p><ul><li><span>Projeto Arquitet\u00f4nico .PDF e .DWG Edit\u00e1vel<\/span><\/li><li><span>Projeto El\u00e9trico\u00a0.PDF e .DWG Edit\u00e1vel<\/span><\/li><li><span>Projeto Estrutural\u00a0.PDF e .DWG Edit\u00e1vel<\/span><\/li><li><span>Projeto Hidrosanit\u00e1rio\u00a0.PDF e .DWG Edit\u00e1vel<\/span><\/li><li><span>Planta Humanizada .JPG<\/span><\/li><li><span>Memorial Descritivo\u00a0.PDF<\/span><\/li><\/ul><p><span>Entre outros arquivos adicionais em formatos de V\u00cdDEOS e IMAGENS.<\/span><\/p><\/div>\r\n                <\/div>\r\n                            <div class=\"wgl-accordion_panel\">\r\n                    <h4 id=\"wgl-accordion_header-2543\" class=\"wgl-accordion_header\" data-default=\"\">\r\n                        <span class=\"wgl-accordion_title\">Preciso contratar um respons\u00e1vel t\u00e9cnico da minha cidade?<\/span>\r\n                        <i class=\"wgl-accordion_icon \"><\/i>                    <\/h4>\r\n                    <div class=\"wgl-accordion_content\"><p><span>Sim, antes do in\u00edcio da obra voc\u00ea precisar\u00e1 contratar um respons\u00e1vel t\u00e9cnico para aprovar seu projeto na prefeitura de sua cidade e acompanhar sua obra.<\/span><\/p><\/div>\r\n                <\/div>\r\n                            <div class=\"wgl-accordion_panel\">\r\n                    <h4 id=\"wgl-accordion_header-2544\" class=\"wgl-accordion_header\" data-default=\"\">\r\n                        <span class=\"wgl-accordion_title\">Eu posso modificar o projeto?<\/span>\r\n                        <i class=\"wgl-accordion_icon \"><\/i>                    <\/h4>\r\n                    <div class=\"wgl-accordion_content\"><p>Ao comprar o projeto pronto, voc\u00ea recebe os arquivos edit\u00e1veis .DWG (AutoCad)<\/p><p>Por\u00e9m esta edi\u00e7\u00e3o<span>\u00a0<\/span><strong>\u00e9 de sua responsabilidade.\u00a0<\/strong><\/p><\/div>\r\n                <\/div>\r\n                            <div class=\"wgl-accordion_panel\">\r\n                    <h4 id=\"wgl-accordion_header-2545\" class=\"wgl-accordion_header\" data-default=\"\">\r\n                        <span class=\"wgl-accordion_title\">Quem vai aprovar o projeto na prefeitura?<\/span>\r\n                        <i class=\"wgl-accordion_icon \"><\/i>                    <\/h4>\r\n                    <div class=\"wgl-accordion_content\"><p><span>Toda prefeitura exige um profissional que tenha registro local para se responsabilizar pela aprova\u00e7\u00e3o e execu\u00e7\u00e3o da obra. Com posse do nosso material, esse engenheiro ou arquiteto poder\u00e1 alterar o projeto conforme as exig\u00eancias da prefeitura, enviamos em os arquivos em dwg (AutoCad), que s\u00e3o os arquivos edit\u00e1veis para tal altera\u00e7\u00f5es quando necess\u00e1rio.<\/span><\/p><\/div>\r\n                <\/div>\r\n                            <div class=\"wgl-accordion_panel\">\r\n                    <h4 id=\"wgl-accordion_header-2546\" class=\"wgl-accordion_header\" data-default=\"\">\r\n                        <span class=\"wgl-accordion_title\">Por que comprar um projeto pronto?<\/span>\r\n                        <i class=\"wgl-accordion_icon \"><\/i>                    <\/h4>\r\n                    <div class=\"wgl-accordion_content\"><p><span>Este projeto foi elaborado com base em muito estudo, e oferece a melhor qualidade para uma casa deste tamanho, as vantagens s\u00e3o muitas, entre elas, a visualiza\u00e7\u00e3o da casa antes de estar pronta, economia de tempo e dinheiro, compra sem burocracia e voc\u00ea ainda n\u00e3o precisa sair de casa para realizar seu sonho.<\/span><\/p><\/div>\r\n                <\/div>\r\n                            <div class=\"wgl-accordion_panel\">\r\n                    <h4 id=\"wgl-accordion_header-2547\" class=\"wgl-accordion_header\" data-default=\"\">\r\n                        <span class=\"wgl-accordion_title\">Este projeto \u00e9 exclusivo, s\u00f3 pra mim?<\/span>\r\n                        <i class=\"wgl-accordion_icon \"><\/i>                    <\/h4>\r\n                    <div class=\"wgl-accordion_content\"><p>Devemos observar que os projetos s\u00e3o protegidos por direitos autorais e v\u00e3o ser vendidos em quantidade e n\u00e3o s\u00e3o projetos exclusivos.<\/p><p>Se preferir exclusividade criamos um projeto personalizado do zero, mas ai o pre\u00e7o promocional n\u00e3o \u00e9 v\u00e1lido, o pre\u00e7o ser\u00e1 outro, fa\u00e7a um or\u00e7amento r\u00e1pido.<\/p><p><a href=\"https:\/\/arquimobi.com.br\/arquitetura\/contato\/\" target=\"_blank\" rel=\"noopener\">Clique aqui e solicite seu projeto exclusivo.\u00a0<\/a><\/p><\/div>\r\n                <\/div>\r\n            \r\n        <\/div>\r\n        \t\t<\/div>\n\t\t\t\t<\/div>\n\t\t\t\t\t\t<\/div>\n\t\t\t\t\t<\/div>\n\t\t<\/div>\n\t\t\t\t<div class=\"elementor-column elementor-col-50 elementor-top-column elementor-element elementor-element-fdda848\" data-id=\"fdda848\" data-element_type=\"column\">\n\t\t\t<div class=\"elementor-column-wrap elementor-element-populated\">\n\t\t\t\t\t\t\t<div class=\"elementor-widget-wrap\">\n\t\t\t\t\t\t<div class=\"elementor-element elementor-element-51d88a5 elementor-widget elementor-widget-wgl-toggle-accordion\" data-id=\"51d88a5\" data-element_type=\"widget\" data-widget_type=\"wgl-toggle-accordion.default\">\n\t\t\t\t<div class=\"elementor-widget-container\">\n\t\t\t        <div class=\"wgl-accordion icon-def\" id=\"wgl-accordion-51d88a5\" data-type=\"toggle\">\r\n\r\n                            <div class=\"wgl-accordion_panel\">\r\n                    <h4 id=\"wgl-accordion_header-8581\" class=\"wgl-accordion_header\" data-default=\"\">\r\n                        <span class=\"wgl-accordion_title\">Por que este projeto tem um valor bem baixo?<\/span>\r\n                        <i class=\"wgl-accordion_icon \"><\/i>                    <\/h4>\r\n                    <div class=\"wgl-accordion_content\"><p><span>Porque, minha miss\u00e3o \u00e9: <\/span><strong><em>Entregar Projetos de Alta Qualidade Pelo Menor Custo Poss\u00edvel<\/em><\/strong><\/p><\/div>\r\n                <\/div>\r\n                            <div class=\"wgl-accordion_panel\">\r\n                    <h4 id=\"wgl-accordion_header-8582\" class=\"wgl-accordion_header\" data-default=\"\">\r\n                        <span class=\"wgl-accordion_title\">Posso pagar parcelado no Boleto?<\/span>\r\n                        <i class=\"wgl-accordion_icon \"><\/i>                    <\/h4>\r\n                    <div class=\"wgl-accordion_content\"><p><span>N\u00e3o, voc\u00ea s\u00f3 pode pagar parcelado no cart\u00e3o de cr\u00e9dito. No boleto \u00e9 s\u00f3 a vista.<\/span><\/p><\/div>\r\n                <\/div>\r\n                            <div class=\"wgl-accordion_panel\">\r\n                    <h4 id=\"wgl-accordion_header-8583\" class=\"wgl-accordion_header\" data-default=\"\">\r\n                        <span class=\"wgl-accordion_title\">Posso copiar a planta sem pagar nada?<\/span>\r\n                        <i class=\"wgl-accordion_icon \"><\/i>                    <\/h4>\r\n                    <div class=\"wgl-accordion_content\"><p><span>Al\u00e9m da c\u00f3pia ser ilegal segundo a lei dos direitos autorais (N\u00ba 9610\/98), a planta apresentada acima \u00e9 apenas ilustrativa e n\u00e3o um desenho t\u00e9cnico. Assim voc\u00ea n\u00e3o ter\u00e1 acesso ao projeto completo, onde detalham todas as partes importantes, dimens\u00f5es de ambientes, medidas de portas, janelas, altura de paredes, inclina\u00e7\u00e3o de telhados, etc.<\/span><\/p><\/div>\r\n                <\/div>\r\n                            <div class=\"wgl-accordion_panel\">\r\n                    <h4 id=\"wgl-accordion_header-8584\" class=\"wgl-accordion_header\" data-default=\"\">\r\n                        <span class=\"wgl-accordion_title\">A compra \u00e9 segura?<\/span>\r\n                        <i class=\"wgl-accordion_icon \"><\/i>                    <\/h4>\r\n                    <div class=\"wgl-accordion_content\"><p><span>\u00c9 importante saber onde se compra na internet, por isso usamos a empesa l\u00edder no mercado para Intermedia\u00e7\u00e3o de Pagamento de Produtos Digitais, Hotmart\u00a0que garante a seguran\u00e7a dos seus dados e em caso de n\u00e3o recebimento ou insatisfa\u00e7\u00e3o, ainda oferece a op\u00e7\u00e3o de devolu\u00e7\u00e3o do seu dinheiro, sem burocracia ou demora.<\/span><\/p><\/div>\r\n                <\/div>\r\n                            <div class=\"wgl-accordion_panel\">\r\n                    <h4 id=\"wgl-accordion_header-8585\" class=\"wgl-accordion_header\" data-default=\"\">\r\n                        <span class=\"wgl-accordion_title\">Tem algum canal de atendimento caso precise de suporte?<\/span>\r\n                        <i class=\"wgl-accordion_icon \"><\/i>                    <\/h4>\r\n                    <div class=\"wgl-accordion_content\"><p>Sim, cliente aqui \u00e9 em 1\u00b0 lugar. Se precisar de qualquer tipo de atendimento ou esclarecimento de d\u00favidas t\u00e9cnicas, comerciais e administrativas.<\/p><p>Ligue para\u00a0<strong>(47) 99172-8513\u00a0<\/strong>ou envie um e-mail para<br \/><a href=\"mailto:suporte@arquimobicom.br\">suporte@arquimobicom.br\u00a0<\/a><\/p><p><strong>Hor\u00e1rios de atendimento:<\/strong><br \/>Segunda a Sexta das 9:00 as 12:00 | 14:00 as 18:00<\/p><\/div>\r\n                <\/div>\r\n            \r\n        <\/div>\r\n        \t\t<\/div>\n\t\t\t\t<\/div>\n\t\t\t\t\t\t<\/div>\n\t\t\t\t\t<\/div>\n\t\t<\/div>\n\t\t\t\t\t\t\t\t<\/div>\n\t\t\t\t\t<\/div>\n\t\t<\/section>\n\t\t\t\t<section class=\"elementor-section elementor-top-section elementor-element elementor-element-93d9269 elementor-section-boxed elementor-section-height-default elementor-section-height-default\" data-id=\"93d9269\" data-element_type=\"section\">\n\t\t\t\t\t\t<div class=\"elementor-container elementor-column-gap-extended\">\n\t\t\t\t\t\t\t<div class=\"elementor-row\">\n\t\t\t\t\t<div class=\"elementor-column elementor-col-33 elementor-top-column elementor-element elementor-element-afa966c\" data-id=\"afa966c\" data-element_type=\"column\">\n\t\t\t<div class=\"elementor-column-wrap elementor-element-populated\">\n\t\t\t\t\t\t\t<div class=\"elementor-widget-wrap\">\n\t\t\t\t\t\t<div class=\"elementor-element elementor-element-7db7c3bf elementor-widget-icon-box wgl-icon-box elementor-view-default elementor-position-top elementor-widget elementor-widget-wgl-info-box\" data-id=\"7db7c3bf\" data-element_type=\"widget\" data-widget_type=\"wgl-info-box.default\">\n\t\t\t\t<div class=\"elementor-widget-container\">\n\t\t\t<div class=\"wgl-infobox\"><div class=\"wgl-infobox_wrapper elementor-icon-box-wrapper\"><div class=\"wgl-infobox-icon_wrapper elementor-icon-box-icon\"><div class=\"wgl-infobox-icon_container\"><a class=\"wgl-icon elementor-icon elementor-animation-\" href=\"https:\/\/arquimobi.com.br\/arquitetura\/contato\/\"><i class=\"icon flaticon-conversation\"><\/i><\/a><\/div><\/div><div class=\"wgl-infobox-content_wrapper elementor-icon-box-content\"><div class=\"wgl-infobox-title_wrapper\"><h3 class=\"wgl-infobox_title\">Fale Conosco<\/h3><\/div><div class=\"wgl-infobox_content\">Caso\u00a0voc\u00ea ainda\u00a0permane\u00e7a com alguma\u00a0d\u00favida,\u00a0entre em contato conosco<\/div><div class=\"wgl-infobox-button_wrapper\"><a href=\"https:\/\/arquimobi.com.br\/arquitetura\/contato\/\" class=\"corner-attached corner-position_right wgl-infobox_button button-read-more read-more-icon icon-position-right\"><i class=\"flaticon-next\"><\/i><\/a><\/div><\/div><\/div><\/div>\t\t<\/div>\n\t\t\t\t<\/div>\n\t\t\t\t\t\t<\/div>\n\t\t\t\t\t<\/div>\n\t\t<\/div>\n\t\t\t\t<div class=\"elementor-column elementor-col-33 elementor-top-column elementor-element elementor-element-5341053\" data-id=\"5341053\" data-element_type=\"column\">\n\t\t\t<div class=\"elementor-column-wrap elementor-element-populated\">\n\t\t\t\t\t\t\t<div class=\"elementor-widget-wrap\">\n\t\t\t\t\t\t<div class=\"elementor-element elementor-element-23b16b87 elementor-widget-icon-box wgl-icon-box elementor-view-default elementor-position-top elementor-widget elementor-widget-wgl-info-box\" data-id=\"23b16b87\" data-element_type=\"widget\" data-widget_type=\"wgl-info-box.default\">\n\t\t\t\t<div class=\"elementor-widget-container\">\n\t\t\t<div class=\"wgl-infobox\"><div class=\"wgl-infobox_wrapper elementor-icon-box-wrapper\"><div class=\"wgl-infobox-icon_wrapper elementor-icon-box-icon\"><div class=\"wgl-infobox-icon_container\"><a class=\"wgl-icon elementor-icon elementor-animation-\" href=\"https:\/\/arquimobi.com.br\/arquitetura\/portfolio-arquimobi\/\"><i class=\"icon flaticon-tools\"><\/i><\/a><\/div><\/div><div class=\"wgl-infobox-content_wrapper elementor-icon-box-content\"><div class=\"wgl-infobox-title_wrapper\"><h3 class=\"wgl-infobox_title\">Portf\u00f3lio <\/h3><\/div><div class=\"wgl-infobox_content\"><p>Descubra todos nossos projetos arquitet\u00f4nicos, sejam eles residenciais, comerciais ou v\u00e1rios outros.<\/p><\/div><div class=\"wgl-infobox-button_wrapper\"><a href=\"https:\/\/arquimobi.com.br\/arquitetura\/portfolio-arquimobi\/\" class=\"corner-attached corner-position_right wgl-infobox_button button-read-more read-more-icon icon-position-right\"><i class=\"flaticon-next\"><\/i><\/a><\/div><\/div><\/div><\/div>\t\t<\/div>\n\t\t\t\t<\/div>\n\t\t\t\t\t\t<\/div>\n\t\t\t\t\t<\/div>\n\t\t<\/div>\n\t\t\t\t<div class=\"elementor-column elementor-col-33 elementor-top-column elementor-element elementor-element-1ea30553\" data-id=\"1ea30553\" data-element_type=\"column\">\n\t\t\t<div class=\"elementor-column-wrap elementor-element-populated\">\n\t\t\t\t\t\t\t<div class=\"elementor-widget-wrap\">\n\t\t\t\t\t\t<div class=\"elementor-element elementor-element-116a5a1 elementor-widget-icon-box wgl-icon-box elementor-view-default elementor-position-top elementor-widget elementor-widget-wgl-info-box\" data-id=\"116a5a1\" data-element_type=\"widget\" data-widget_type=\"wgl-info-box.default\">\n\t\t\t\t<div class=\"elementor-widget-container\">\n\t\t\t<div class=\"wgl-infobox\"><div class=\"wgl-infobox_wrapper elementor-icon-box-wrapper\"><div class=\"wgl-infobox-icon_wrapper elementor-icon-box-icon\"><div class=\"wgl-infobox-icon_container\"><a class=\"wgl-icon elementor-icon elementor-animation-\" href=\"https:\/\/arquimobi.com.br\/arquitetura\/servicos\/\"><i class=\"icon flaticon-briefcase\"><\/i><\/a><\/div><\/div><div class=\"wgl-infobox-content_wrapper elementor-icon-box-content\"><div class=\"wgl-infobox-title_wrapper\"><h3 class=\"wgl-infobox_title\">Servi\u00e7os<\/h3><\/div><div class=\"wgl-infobox_content\"><p>Conhe\u00e7a todos os servi\u00e7os oferecidos pela Arquimobi nas \u00e1reas da Arquitetura e Engenharia<\/p><\/div><div class=\"wgl-infobox-button_wrapper\"><a href=\"https:\/\/arquimobi.com.br\/arquitetura\/servicos\/\" class=\"corner-attached corner-position_right wgl-infobox_button button-read-more read-more-icon icon-position-right\"><i class=\"flaticon-next\"><\/i><\/a><\/div><\/div><\/div><\/div>\t\t<\/div>\n\t\t\t\t<\/div>\n\t\t\t\t\t\t<\/div>\n\t\t\t\t\t<\/div>\n\t\t<\/div>\n\t\t\t\t\t\t\t\t<\/div>\n\t\t\t\t\t<\/div>\n\t\t<\/section>\n\t\t\t\t<section class=\"elementor-section elementor-top-section elementor-element elementor-element-68ea5fa elementor-section-boxed elementor-section-height-default elementor-section-height-default\" data-id=\"68ea5fa\" data-element_type=\"section\">\n\t\t\t\t\t\t<div class=\"elementor-container elementor-column-gap-default\">\n\t\t\t\t\t\t\t<div class=\"elementor-row\">\n\t\t\t\t\t<div class=\"elementor-column elementor-col-100 elementor-top-column elementor-element elementor-element-ba33b6c\" data-id=\"ba33b6c\" data-element_type=\"column\">\n\t\t\t<div class=\"elementor-column-wrap elementor-element-populated\">\n\t\t\t\t\t\t\t<div class=\"elementor-widget-wrap\">\n\t\t\t\t\t\t<div class=\"elementor-element elementor-element-0ebf01b elementor-widget elementor-widget-spacer\" data-id=\"0ebf01b\" data-element_type=\"widget\" data-widget_type=\"spacer.default\">\n\t\t\t\t<div class=\"elementor-widget-container\">\n\t\t\t\t\t<div class=\"elementor-spacer\">\n\t\t\t<div class=\"elementor-spacer-inner\"><\/div>\n\t\t<\/div>\n\t\t\t\t<\/div>\n\t\t\t\t<\/div>\n\t\t\t\t\t\t<\/div>\n\t\t\t\t\t<\/div>\n\t\t<\/div>\n\t\t\t\t\t\t\t\t<\/div>\n\t\t\t\t\t<\/div>\n\t\t<\/section>\n\t\t\t\t\t\t<\/div>\n\t\t\t\t\t\t<\/div>\n\t\t\t\t\t<\/div>\n\t\t","protected":false},"excerpt":{"rendered":"<p>Perguntas Frequentes Algumas perguntas que nos fazem com frequ\u00eancia, j\u00e1 respondidas. Como vou receber os arquivos do projeto? Logo ap\u00f3s efetuar a compra voc\u00ea receber\u00e1 todos os arquivos de forma autom\u00e1tica, voc\u00ea receber\u00e1 em seu e-mail um login e senha para efetuar o download dos arquivos. Os arquivos ficaram dispon\u00edveis para sempre, por\u00e9m por quest\u00f5es [&hellip;]<\/p>\n","protected":false},"author":1,"featured_media":0,"parent":0,"menu_order":0,"comment_status":"closed","ping_status":"closed","template":"","meta":{"_joinchat":[],"footnotes":""},"class_list":["post-909","page","type-page","status-publish","hentry"],"_links":{"self":[{"href":"https:\/\/arquimobi.com.br\/arquitetura\/wp-json\/wp\/v2\/pages\/909","targetHints":{"allow":["GET"]}}],"collection":[{"href":"https:\/\/arquimobi.com.br\/arquitetura\/wp-json\/wp\/v2\/pages"}],"about":[{"href":"https:\/\/arquimobi.com.br\/arquitetura\/wp-json\/wp\/v2\/types\/page"}],"author":[{"embeddable":true,"href":"https:\/\/arquimobi.com.br\/arquitetura\/wp-json\/wp\/v2\/users\/1"}],"replies":[{"embeddable":true,"href":"https:\/\/arquimobi.com.br\/arquitetura\/wp-json\/wp\/v2\/comments?post=909"}],"version-history":[{"count":30,"href":"https:\/\/arquimobi.com.br\/arquitetura\/wp-json\/wp\/v2\/pages\/909\/revisions"}],"predecessor-version":[{"id":4318,"href":"https:\/\/arquimobi.com.br\/arquitetura\/wp-json\/wp\/v2\/pages\/909\/revisions\/4318"}],"wp:attachment":[{"href":"https:\/\/arquimobi.com.br\/arquitetura\/wp-json\/wp\/v2\/media?parent=909"}],"curies":[{"name":"wp","href":"https:\/\/api.w.org\/{rel}","templated":true}]}}