{"id":2235,"date":"2022-02-04T09:41:09","date_gmt":"2022-02-04T12:41:09","guid":{"rendered":"https:\/\/arquimobi.com.br\/arquitetura\/?post_type=product&#038;p=2235"},"modified":"2026-04-06T16:36:38","modified_gmt":"2026-04-06T19:36:38","slug":"casa-florenca-projeto-pronto","status":"publish","type":"product","link":"https:\/\/arquimobi.com.br\/arquitetura\/projeto\/casa-florenca-projeto-pronto\/","title":{"rendered":"Projeto Casa Floren\u00e7a 60m\u00b2 &#8211; Planta Pronta"},"content":{"rendered":"<p><iframe loading=\"lazy\" title=\"YouTube video player\" src=\"https:\/\/www.youtube.com\/embed\/INugzcuXhN8?si=5kdR2-k3rgf76ZUw\" width=\"560\" height=\"315\" frameborder=\"0\" allowfullscreen=\"allowfullscreen\"><\/iframe><\/p>\n<p style=\"text-align: left;\"><strong>Caracter\u00edsticas do Projeto<\/strong><\/p>\n<p style=\"text-align: left;\">O projeto nasceu com a ideia de ser uma casa simples, compacta e harm\u00f4nica, foi intitulada como &#8220;Casa Floren\u00e7a&#8221;, por v\u00e1rios motivos, pois remete a flores, a natureza, a ambientes abertos e iluminados.<\/p>\n<p style=\"text-align: left;\">Cada elemento arquitet\u00f4nico foi pensado para aproveitar ao m\u00e1ximo cada detalhe da casa, adotamos formas retangulares na fachada e ambientes integrados no interior buscando praticidade e otimiza\u00e7\u00e3o dos espa\u00e7os.<\/p>\n<p style=\"text-align: left;\"><strong>Dimens\u00f5es<\/strong><\/p>\n<p style=\"text-align: left;\"><em>Dimens\u00f5es m\u00ednimas do terreno (Sugest\u00e3o)<\/em><\/p>\n<ul>\n<li style=\"text-align: left;\">Largura: 10 metros.<\/li>\n<li style=\"text-align: left;\">Comprimento: 20 metros.<\/li>\n<\/ul>\n<p style=\"text-align: left;\"><strong>Itens inclusos<\/strong><\/p>\n<ul>\n<li style=\"text-align: left;\">Imagens e V\u00eddeo 3D<\/li>\n<li style=\"text-align: left;\">Projeto Arquitet\u00f4nico<\/li>\n<li style=\"text-align: left;\">Projeto El\u00e9trico<\/li>\n<li style=\"text-align: left;\">Projeto Estrutural<\/li>\n<li style=\"text-align: left;\">Projeto Hidrossanit\u00e1rio<\/li>\n<li style=\"text-align: left;\">Planta Humanizada<\/li>\n<li style=\"text-align: left;\">Memorial Descritivo<\/li>\n<li style=\"text-align: left;\">Arquivos em .DWG (autocad)<\/li>\n<\/ul>\n<p><strong>Entrega<\/strong><\/p>\n<ul>\n<li>Entrega totalmente digital via e-mail<\/li>\n<\/ul>\n<p>&nbsp;<\/p>\n<p style=\"text-align: left;\"><strong><a href=\"https:\/\/arquimobi.com.br\/arquitetura\/faq\/\">Perguntas Frequentes <\/a><\/strong><\/p>\n<p>&nbsp;<\/p>\n<p>&nbsp;<\/p>\n<p><span>Na etapa de compra e fechamento do pedido, uma vez que h\u00e1 mais de um agente envolvido na aprova\u00e7\u00e3o da compra, alguns fatores podem impedir a sua aprova\u00e7\u00e3o. Para melhor entendimento desses fatores, preencha todos os dados com calma e corretamente. Caso identificado algum dado incorreto do seu cart\u00e3o, sendo assim, confira os dados inseridos ou fa\u00e7a o pedido via PIX ou Boleto.<\/span><\/p>\n","protected":false},"excerpt":{"rendered":"<p style=\"text-align: left;\"><span>Projeto de Arquitetura\u00a0<\/span>residencial com 60m\u00b2<span>\u00a0de \u00e1rea constru\u00edda, elaborado por profissionais atuantes da constru\u00e7\u00e3o civil, exclusivamente para atender jovens fam\u00edlias que desejam\u00a0<\/span>construir sua primeira casa.<\/p>\n<ul>\n<li style=\"text-align: left;\"><em>Banheiros: 01<\/em><\/li>\n<li style=\"text-align: left;\"><em>Dormit\u00f3rios: 02<\/em><\/li>\n<li style=\"text-align: left;\"><em>Sala de Estar: 01<\/em><\/li>\n<li style=\"text-align: left;\"><em>Cozinha\/Copa: 01<\/em><\/li>\n<li style=\"text-align: left;\"><em>\u00c1rea de Servi\u00e7o: 01<\/em><\/li>\n<\/ul>\n<p style=\"text-align: left;\">\n","protected":false},"featured_media":4260,"template":"","meta":{"_joinchat":[]},"product_cat":[86,101],"product_tag":[],"class_list":["post-2235","product","type-product","status-publish","has-post-thumbnail","hentry","product_cat-projetos-prontos","product_cat-casa"],"_links":{"self":[{"href":"https:\/\/arquimobi.com.br\/arquitetura\/wp-json\/wp\/v2\/product\/2235","targetHints":{"allow":["GET"]}}],"collection":[{"href":"https:\/\/arquimobi.com.br\/arquitetura\/wp-json\/wp\/v2\/product"}],"about":[{"href":"https:\/\/arquimobi.com.br\/arquitetura\/wp-json\/wp\/v2\/types\/product"}],"wp:featuredmedia":[{"embeddable":true,"href":"https:\/\/arquimobi.com.br\/arquitetura\/wp-json\/wp\/v2\/media\/4260"}],"wp:attachment":[{"href":"https:\/\/arquimobi.com.br\/arquitetura\/wp-json\/wp\/v2\/media?parent=2235"}],"wp:term":[{"taxonomy":"product_cat","embeddable":true,"href":"https:\/\/arquimobi.com.br\/arquitetura\/wp-json\/wp\/v2\/product_cat?post=2235"},{"taxonomy":"product_tag","embeddable":true,"href":"https:\/\/arquimobi.com.br\/arquitetura\/wp-json\/wp\/v2\/product_tag?post=2235"}],"curies":[{"name":"wp","href":"https:\/\/api.w.org\/{rel}","templated":true}]}}