{"id":4066,"date":"2023-02-02T10:35:23","date_gmt":"2023-02-02T13:35:23","guid":{"rendered":"https:\/\/arquimobi.com.br\/arquitetura\/?post_type=product&#038;p=4066"},"modified":"2025-08-11T11:36:10","modified_gmt":"2025-08-11T14:36:10","slug":"projeto-chale-suica-planta-pronta","status":"publish","type":"product","link":"https:\/\/arquimobi.com.br\/arquitetura\/projeto\/projeto-chale-suica-planta-pronta\/","title":{"rendered":"Projeto Chal\u00e9 Su\u00ed\u00e7a &#8211; Planta Pronta"},"content":{"rendered":"<p><iframe loading=\"lazy\" title=\"YouTube video player\" src=\"https:\/\/www.youtube.com\/embed\/Hd08CKhez8M?si=M-xYHGI0p1_DuNxL\" width=\"560\" height=\"315\" frameborder=\"0\" allowfullscreen=\"allowfullscreen\"><\/iframe><\/p>\n<p style=\"text-align: left;\"><strong>Caracter\u00edsticas do Projeto<\/strong><\/p>\n<div id=\"le_body_row_6_col_1\" class=\"one-half column cols\" style=\"text-align: left;\">\n<div id=\"le_body_row_6_col_1_el_1\" class=\"element-container cf\" data-style=\"\">\n<div class=\"element\">\n<div class=\"op-text-block\">\n<p>O projeto nasceu com a ideia de ser uma cabana de final de semana, compacta e harm\u00f4nica, foi intitulado como<em> \u201cChal\u00e9 Su\u00ed\u00e7a\u201d,<\/em> devido <span>a vida simples dos Alpes, um cen\u00e1rio de cart\u00e3o postal.<\/span><\/p>\n<\/div>\n<\/div>\n<\/div>\n<\/div>\n<p style=\"text-align: left;\">Cada elemento arquitet\u00f4nico foi pensado para aproveitar ao m\u00e1ximo cada detalhe do chal\u00e9, adotamos formas simples na fachada e ambientes integrados no interior buscando praticidade e otimiza\u00e7\u00e3o dos espa\u00e7os.<\/p>\n<p style=\"text-align: left;\">O chal\u00e9 conta com cozinha integrada a sala de estar com lareira, somado ao deck elevado com SPA (ofur\u00f4), um dormit\u00f3rio no t\u00e9rreo com f\u00e1cil acesso ao banheiro que conta com banheira hidromassagem e um dormit\u00f3rio que pode ser utilizado como escrit\u00f3rio no mezanino, idealizado para aproveitar dias de lazer com a fam\u00edlia e amigos.<\/p>\n<p style=\"text-align: left;\"><strong>Dimens\u00f5es<\/strong><\/p>\n<ul style=\"text-align: left;\">\n<li>Ideal para <span data-dobid=\"hdw\">s\u00edtios, ch\u00e1caras, pousadas, fazendas e AIRBNB<\/span><\/li>\n<\/ul>\n<p style=\"text-align: left;\"><strong>Itens inclusos<\/strong><\/p>\n<ul>\n<li style=\"text-align: left;\">Imagens e V\u00eddeo 3D<\/li>\n<li style=\"text-align: left;\">Projeto Arquitet\u00f4nico<\/li>\n<li style=\"text-align: left;\">El\u00e9trico<\/li>\n<li style=\"text-align: left;\">Projeto Estrutural<\/li>\n<li style=\"text-align: left;\">Projeto Hidrossanit\u00e1rio<\/li>\n<li style=\"text-align: left;\">Planta Humanizada<\/li>\n<li style=\"text-align: left;\">Memorial Descritivo<\/li>\n<li style=\"text-align: left;\">Arquivos em .DWG (autocad)<\/li>\n<\/ul>\n<p><strong>Entrega<\/strong><\/p>\n<ul>\n<li>Entrega totalmente digital via e-mail<\/li>\n<\/ul>\n<p>&nbsp;<\/p>\n<p style=\"text-align: left;\"><strong><a href=\"https:\/\/arquimobi.com.br\/arquitetura\/faq\/\">Perguntas Frequentes<\/a><\/strong><\/p>\n<p>&nbsp;<\/p>\n<p><span>Na etapa de compra e fechamento do pedido, uma vez que h\u00e1 mais de um agente envolvido na aprova\u00e7\u00e3o da compra, alguns fatores podem impedir a sua aprova\u00e7\u00e3o. Para melhor entendimento desses fatores, preencha todos os dados com calma e corretamente. Caso identificado algum dado incorreto do seu cart\u00e3o, sendo assim, confira os dados inseridos ou fa\u00e7a o pedido via PIX ou Boleto.<\/span><\/p>\n","protected":false},"excerpt":{"rendered":"<div id=\"le_body_row_3\" class=\"row one-column cf ui-sortable \" data-style=\"eyJlbGVtZW50SWQiOiJsZV9ib2R5X3Jvd18zIiwiY29kZUJlZm9yZSI6IjxzZWN0aW9uIGlkPVwiaW5mb1wiPjwvc2VjdGlvbj4iLCJwYWRkaW5nVG9wIjoiNzAiLCJib3JkZXJUb3BXaWR0aCI6IiIsImJvcmRlclRvcENvbG9yIjoiIiwiYm9yZGVyQm90dG9tV2lkdGgiOiIiLCJib3JkZXJCb3R0b21Db2xvciI6IiIsInNlY3Rpb25TZXBhcmF0b3JUeXBlIjoibm9uZSIsInNlY3Rpb25TZXBhcmF0b3JTdHlsZSI6IiIsImV4dHJhcyI6eyJhbmltYXRpb25FZmZlY3QiOiIiLCJhbmltYXRpb25EZWxheSI6IiJ9LCJyb3dTY3JvbGxGaXhlZFBvc2l0aW9uIjoibm9uZSIsInJvd1Njcm9sbEZpeGVkTW9iaWxlIjpmYWxzZSwiYWRkb24iOnsidmlkZW9fYmFja2dyb3VuZF90eXBlIjoiIiwidmlkZW9fYmFja2dyb3VuZF95b3V0dWJlIjoiIiwidmlkZW9fYmFja2dyb3VuZF95b3V0dWJlX3dpZHRoIjoiIiwidmlkZW9fYmFja2dyb3VuZF95b3V0dWJlX2hlaWdodCI6IiIsInZpZGVvX2JhY2tncm91bmRfdXJsX21wNCI6IiIsInZpZGVvX2JhY2tncm91bmRfdXJsX3dlYm0iOiIiLCJ2aWRlb19iYWNrZ3JvdW5kX3VybF9vZ3YiOiIiLCJ2aWRlb19iYWNrZ3JvdW5kX3ZlcnRpY2FsX2FsaWduIjoiIiwidmlkZW9fYmFja2dyb3VuZF9vdmVybGF5X2NvbG9yIjoiIiwidmlkZW9fYmFja2dyb3VuZF9vdmVybGF5X29wYWNpdHkiOiIwIiwidmlkZW9fYmFja2dyb3VuZF9vdmVybGF5X2ltYWdlIjoiIiwidmlkZW9fYmFja2dyb3VuZF9pbWFnZV9wb3NpdGlvbiI6IiIsInZpZGVvX2JhY2tncm91bmRfYWx0ZXJuYXRpdmVfaW1hZ2UiOiIifX0=\">\n<div class=\"fixed-width\">\n<div id=\"le_body_row_3_col_1\" class=\"one-column column cols\">\n<div id=\"le_body_row_3_col_1_el_2\" class=\"element-container cf\" data-style=\"\">\n<div class=\"element\">\n<div class=\"op-text-block\">\n<p style=\"text-align: left;\">Projeto de Arquitetura residencial com 60,00m\u00b2 de \u00e1rea constru\u00edda, elaborado por profissionais atuantes da constru\u00e7\u00e3o civil, exclusivamente para atender fam\u00edlias que desejam construir seu chal\u00e9.<\/p>\n<\/div>\n<\/div>\n<\/div>\n<\/div>\n<\/div>\n<\/div>\n<ul>\n<li style=\"text-align: left;\">Banheiros Social: 01<\/li>\n<li style=\"text-align: left;\">Estar\/Cozinha: 01<\/li>\n<li>Decks: 01<\/li>\n<li style=\"text-align: left;\">Dormit\u00f3rios: 02<\/li>\n<\/ul>\n<p>&nbsp;<\/p>\n","protected":false},"featured_media":4258,"template":"","meta":{"_joinchat":[]},"product_cat":[99,86],"product_tag":[],"class_list":["post-4066","product","type-product","status-publish","has-post-thumbnail","hentry","product_cat-chale","product_cat-projetos-prontos"],"_links":{"self":[{"href":"https:\/\/arquimobi.com.br\/arquitetura\/wp-json\/wp\/v2\/product\/4066","targetHints":{"allow":["GET"]}}],"collection":[{"href":"https:\/\/arquimobi.com.br\/arquitetura\/wp-json\/wp\/v2\/product"}],"about":[{"href":"https:\/\/arquimobi.com.br\/arquitetura\/wp-json\/wp\/v2\/types\/product"}],"wp:featuredmedia":[{"embeddable":true,"href":"https:\/\/arquimobi.com.br\/arquitetura\/wp-json\/wp\/v2\/media\/4258"}],"wp:attachment":[{"href":"https:\/\/arquimobi.com.br\/arquitetura\/wp-json\/wp\/v2\/media?parent=4066"}],"wp:term":[{"taxonomy":"product_cat","embeddable":true,"href":"https:\/\/arquimobi.com.br\/arquitetura\/wp-json\/wp\/v2\/product_cat?post=4066"},{"taxonomy":"product_tag","embeddable":true,"href":"https:\/\/arquimobi.com.br\/arquitetura\/wp-json\/wp\/v2\/product_tag?post=4066"}],"curies":[{"name":"wp","href":"https:\/\/api.w.org\/{rel}","templated":true}]}}