{"id":5016,"date":"2026-05-05T16:33:46","date_gmt":"2026-05-05T19:33:46","guid":{"rendered":"https:\/\/arquimobi.com.br\/arquitetura\/?post_type=product&#038;p=5016"},"modified":"2026-05-05T16:48:29","modified_gmt":"2026-05-05T19:48:29","slug":"projeto-cabana-siena-planta-pronta","status":"publish","type":"product","link":"https:\/\/arquimobi.com.br\/arquitetura\/projeto\/projeto-cabana-siena-planta-pronta\/","title":{"rendered":"Projeto Cabana Siena &#8211; Planta Pronta"},"content":{"rendered":"<p><iframe loading=\"lazy\" title=\"PROJETO PRONTO | CABANA SIENA\" src=\"https:\/\/www.youtube.com\/embed\/UXt9SEWsvs0\" width=\"1027\" height=\"578\" frameborder=\"0\" allowfullscreen=\"allowfullscreen\"><\/iframe><\/p>\n<p data-start=\"158\" data-end=\"542\">O projeto nasceu com a ideia de ser uma cabana simples, pr\u00e1tica e ao mesmo tempo elegante, sendo intitulada como <strong data-start=\"271\" data-end=\"287\">Cabana Siena<\/strong>. O nome remete \u00e0 charmosa cidade italiana de <span class=\"hover:entity-accent entity-underline inline cursor-pointer align-baseline\"><span class=\"whitespace-normal\">Siena<\/span><\/span>, conhecida por sua arquitetura hist\u00f3rica, tons terrosos e atmosfera acolhedora, que inspiram tranquilidade, sofistica\u00e7\u00e3o e conex\u00e3o com o estilo de vida mais contemplativo.<\/p>\n<p data-start=\"544\" data-end=\"922\">Assim como sua inspira\u00e7\u00e3o, a Cabana Siena busca traduzir um ref\u00fagio aconchegante em meio \u00e0 natureza, valorizando a simplicidade com um toque de eleg\u00e2ncia. Cada elemento arquitet\u00f4nico foi pensado para aproveitar ao m\u00e1ximo cada detalhe, adotando formas puras na fachada e ambientes integrados no interior, priorizando funcionalidade, conforto e uma experi\u00eancia \u00fanica de bem-estar.<\/p>\n<p data-start=\"924\" data-end=\"1242\">A cabana conta com su\u00edte com copa, al\u00e9m de uma hidro exclsiva e um banheiro que atende todo o espa\u00e7o. O projeto foi idealizado para proporcionar momentos especiais de descanso e lazer, seja em casal, com a fam\u00edlia ou entre amigos, em um ambiente que convida a desacelerar e aproveitar o essencial da vida.<\/p>\n<p style=\"text-align: left;\"><strong>Dimens\u00f5es<\/strong><\/p>\n<ul style=\"text-align: left;\">\n<li>Ideal para <span data-dobid=\"hdw\">s\u00edtios, ch\u00e1caras, pousadas, fazendas e AIRBNB<\/span><\/li>\n<\/ul>\n<p style=\"text-align: left;\"><strong>Itens inclusos<\/strong><\/p>\n<ul>\n<li style=\"text-align: left;\">Imagens e V\u00eddeo 3D<\/li>\n<li style=\"text-align: left;\">Projeto Arquitet\u00f4nico<\/li>\n<li style=\"text-align: left;\">Projeto El\u00e9trico<\/li>\n<li style=\"text-align: left;\">Projeto Estrutural<\/li>\n<li style=\"text-align: left;\">Projeto Hidrossanit\u00e1rio<\/li>\n<li style=\"text-align: left;\">Planta Humanizada<\/li>\n<li style=\"text-align: left;\">Memorial Descritivo<\/li>\n<li style=\"text-align: left;\">Arquivos em .DWG (autocad)<\/li>\n<\/ul>\n<p><strong>Entrega<\/strong><\/p>\n<ul>\n<li>Entrega totalmente digital via e-mail<\/li>\n<\/ul>\n<p>&nbsp;<\/p>\n<p style=\"text-align: left;\"><strong><a href=\"https:\/\/arquimobi.com.br\/arquitetura\/faq\/\">Perguntas Frequentes<\/a><\/strong><\/p>\n<p>&nbsp;<\/p>\n<p><span>Na etapa de compra e fechamento do pedido, uma vez que h\u00e1 mais de um agente envolvido na aprova\u00e7\u00e3o da compra, alguns fatores podem impedir a sua aprova\u00e7\u00e3o. Para melhor entendimento desses fatores, preencha todos os dados com calma e corretamente. Caso identificado algum dado incorreto do seu cart\u00e3o, sendo assim, confira os dados inseridos ou fa\u00e7a o pedido via PIX ou Boleto.<\/span><\/p>\n","protected":false},"excerpt":{"rendered":"<div id=\"le_body_row_3\" class=\"row one-column cf ui-sortable \" data-style=\"eyJlbGVtZW50SWQiOiJsZV9ib2R5X3Jvd18zIiwiY29kZUJlZm9yZSI6IjxzZWN0aW9uIGlkPVwiaW5mb1wiPjwvc2VjdGlvbj4iLCJwYWRkaW5nVG9wIjoiNzAiLCJib3JkZXJUb3BXaWR0aCI6IiIsImJvcmRlclRvcENvbG9yIjoiIiwiYm9yZGVyQm90dG9tV2lkdGgiOiIiLCJib3JkZXJCb3R0b21Db2xvciI6IiIsInNlY3Rpb25TZXBhcmF0b3JUeXBlIjoibm9uZSIsInNlY3Rpb25TZXBhcmF0b3JTdHlsZSI6IiIsImV4dHJhcyI6eyJhbmltYXRpb25FZmZlY3QiOiIiLCJhbmltYXRpb25EZWxheSI6IiJ9LCJyb3dTY3JvbGxGaXhlZFBvc2l0aW9uIjoibm9uZSIsInJvd1Njcm9sbEZpeGVkTW9iaWxlIjpmYWxzZSwiYWRkb24iOnsidmlkZW9fYmFja2dyb3VuZF90eXBlIjoiIiwidmlkZW9fYmFja2dyb3VuZF95b3V0dWJlIjoiIiwidmlkZW9fYmFja2dyb3VuZF95b3V0dWJlX3dpZHRoIjoiIiwidmlkZW9fYmFja2dyb3VuZF95b3V0dWJlX2hlaWdodCI6IiIsInZpZGVvX2JhY2tncm91bmRfdXJsX21wNCI6IiIsInZpZGVvX2JhY2tncm91bmRfdXJsX3dlYm0iOiIiLCJ2aWRlb19iYWNrZ3JvdW5kX3VybF9vZ3YiOiIiLCJ2aWRlb19iYWNrZ3JvdW5kX3ZlcnRpY2FsX2FsaWduIjoiIiwidmlkZW9fYmFja2dyb3VuZF9vdmVybGF5X2NvbG9yIjoiIiwidmlkZW9fYmFja2dyb3VuZF9vdmVybGF5X29wYWNpdHkiOiIwIiwidmlkZW9fYmFja2dyb3VuZF9vdmVybGF5X2ltYWdlIjoiIiwidmlkZW9fYmFja2dyb3VuZF9pbWFnZV9wb3NpdGlvbiI6IiIsInZpZGVvX2JhY2tncm91bmRfYWx0ZXJuYXRpdmVfaW1hZ2UiOiIifX0=\">\n<div class=\"fixed-width\">\n<div id=\"le_body_row_3_col_1\" class=\"one-column column cols\">\n<div id=\"le_body_row_3_col_1_el_2\" class=\"element-container cf\" data-style=\"\">\n<div class=\"element\">\n<div class=\"op-text-block\">\n<p style=\"text-align: left;\">Projeto de Arquitetura com 31,20m\u00b2 de \u00e1rea constru\u00edda, elaborado por equipe atuante na constru\u00e7\u00e3o civil, exclusivamente para atender fam\u00edlias que desejam construir seu chal\u00e9.<\/p>\n<\/div>\n<\/div>\n<\/div>\n<\/div>\n<\/div>\n<\/div>\n<ul>\n<li style=\"text-align: left;\">Banheiros: 01<\/li>\n<li style=\"text-align: left;\">Su\u00edte 01<\/li>\n<li style=\"text-align: left;\">Deck: 01<\/li>\n<li>Spa: 01<\/li>\n<\/ul>\n","protected":false},"featured_media":5018,"template":"","meta":{"_joinchat":[]},"product_cat":[86],"product_tag":[],"class_list":["post-5016","product","type-product","status-publish","has-post-thumbnail","hentry","product_cat-projetos-prontos"],"_links":{"self":[{"href":"https:\/\/arquimobi.com.br\/arquitetura\/wp-json\/wp\/v2\/product\/5016","targetHints":{"allow":["GET"]}}],"collection":[{"href":"https:\/\/arquimobi.com.br\/arquitetura\/wp-json\/wp\/v2\/product"}],"about":[{"href":"https:\/\/arquimobi.com.br\/arquitetura\/wp-json\/wp\/v2\/types\/product"}],"wp:featuredmedia":[{"embeddable":true,"href":"https:\/\/arquimobi.com.br\/arquitetura\/wp-json\/wp\/v2\/media\/5018"}],"wp:attachment":[{"href":"https:\/\/arquimobi.com.br\/arquitetura\/wp-json\/wp\/v2\/media?parent=5016"}],"wp:term":[{"taxonomy":"product_cat","embeddable":true,"href":"https:\/\/arquimobi.com.br\/arquitetura\/wp-json\/wp\/v2\/product_cat?post=5016"},{"taxonomy":"product_tag","embeddable":true,"href":"https:\/\/arquimobi.com.br\/arquitetura\/wp-json\/wp\/v2\/product_tag?post=5016"}],"curies":[{"name":"wp","href":"https:\/\/api.w.org\/{rel}","templated":true}]}}