{"id":5048,"date":"2020-10-09T19:16:09","date_gmt":"2020-10-09T22:16:09","guid":{"rendered":"http:\/\/arquimobi.com.br\/imoveis\/?page_id=5048"},"modified":"2020-10-09T19:33:40","modified_gmt":"2020-10-09T22:33:40","slug":"enviar-imovel","status":"publish","type":"page","link":"https:\/\/arquimobi.com.br\/imoveis\/enviar-imovel\/","title":{"rendered":"Anuncie seu im\u00f3vel no nosso site"},"content":{"rendered":"<p style=\"text-align: center;\">A ARQUIMOBI tem o prazer de anunciar o seu im\u00f3vel em nosso site, preencha o formul\u00e1rio abaixo e envie para nosso corretor. Ap\u00f3s avalia\u00e7\u00e3o dos dados preenchidos ser\u00e1 publicado em nosso site.<\/p>\n","protected":false},"excerpt":{"rendered":"<p>A ARQUIMOBI tem o prazer de anunciar o seu im\u00f3vel em nosso site, preencha o formul\u00e1rio abaixo e envie para nosso corretor. Ap\u00f3s avalia\u00e7\u00e3o dos dados preenchidos ser\u00e1 publicado em nosso site.<\/p>\n","protected":false},"author":1,"featured_media":0,"parent":0,"menu_order":0,"comment_status":"closed","ping_status":"closed","template":"templates\/submit-property.php","meta":[],"yoast_head":"<!-- This site is optimized with the Yoast SEO plugin v15.1.1 - https:\/\/yoast.com\/wordpress\/plugins\/seo\/ -->\n<title>Anuncie seu im\u00f3vel no nosso site - Arquimobi<\/title>\n<meta name=\"robots\" content=\"index, follow, max-snippet:-1, max-image-preview:large, max-video-preview:-1\" \/>\n<link rel=\"canonical\" href=\"https:\/\/arquimobi.com.br\/imoveis\/enviar-imovel\/\" \/>\n<meta property=\"og:locale\" content=\"pt_BR\" \/>\n<meta property=\"og:type\" content=\"article\" \/>\n<meta property=\"og:title\" content=\"Anuncie seu im\u00f3vel no nosso site - Arquimobi\" \/>\n<meta property=\"og:description\" content=\"A ARQUIMOBI tem o prazer de anunciar o seu im\u00f3vel em nosso site, preencha o formul\u00e1rio abaixo e envie para nosso corretor. Ap\u00f3s avalia\u00e7\u00e3o dos dados preenchidos ser\u00e1 publicado em nosso site.\" \/>\n<meta property=\"og:url\" content=\"https:\/\/arquimobi.com.br\/imoveis\/enviar-imovel\/\" \/>\n<meta property=\"og:site_name\" content=\"Arquimobi\" \/>\n<meta property=\"article:modified_time\" content=\"2020-10-09T22:33:40+00:00\" \/>\n<meta name=\"twitter:card\" content=\"summary_large_image\" \/>\n<script type=\"application\/ld+json\" class=\"yoast-schema-graph\">{\"@context\":\"https:\/\/schema.org\",\"@graph\":[{\"@type\":\"WebSite\",\"@id\":\"https:\/\/arquimobi.com.br\/imoveis\/#website\",\"url\":\"https:\/\/arquimobi.com.br\/imoveis\/\",\"name\":\"Arquimobi\",\"description\":\"Arquitetura e Neg\\u00f3cios Imobili\\u00e1rios\",\"potentialAction\":[{\"@type\":\"SearchAction\",\"target\":\"https:\/\/arquimobi.com.br\/imoveis\/?s={search_term_string}\",\"query-input\":\"required name=search_term_string\"}],\"inLanguage\":\"pt-BR\"},{\"@type\":\"WebPage\",\"@id\":\"https:\/\/arquimobi.com.br\/imoveis\/enviar-imovel\/#webpage\",\"url\":\"https:\/\/arquimobi.com.br\/imoveis\/enviar-imovel\/\",\"name\":\"Anuncie seu im\\u00f3vel no nosso site - Arquimobi\",\"isPartOf\":{\"@id\":\"https:\/\/arquimobi.com.br\/imoveis\/#website\"},\"datePublished\":\"2020-10-09T22:16:09+00:00\",\"dateModified\":\"2020-10-09T22:33:40+00:00\",\"inLanguage\":\"pt-BR\",\"potentialAction\":[{\"@type\":\"ReadAction\",\"target\":[\"https:\/\/arquimobi.com.br\/imoveis\/enviar-imovel\/\"]}]}]}<\/script>\n<!-- \/ Yoast SEO plugin. -->","_links":{"self":[{"href":"https:\/\/arquimobi.com.br\/imoveis\/wp-json\/wp\/v2\/pages\/5048"}],"collection":[{"href":"https:\/\/arquimobi.com.br\/imoveis\/wp-json\/wp\/v2\/pages"}],"about":[{"href":"https:\/\/arquimobi.com.br\/imoveis\/wp-json\/wp\/v2\/types\/page"}],"author":[{"embeddable":true,"href":"https:\/\/arquimobi.com.br\/imoveis\/wp-json\/wp\/v2\/users\/1"}],"replies":[{"embeddable":true,"href":"https:\/\/arquimobi.com.br\/imoveis\/wp-json\/wp\/v2\/comments?post=5048"}],"version-history":[{"count":6,"href":"https:\/\/arquimobi.com.br\/imoveis\/wp-json\/wp\/v2\/pages\/5048\/revisions"}],"predecessor-version":[{"id":5057,"href":"https:\/\/arquimobi.com.br\/imoveis\/wp-json\/wp\/v2\/pages\/5048\/revisions\/5057"}],"wp:attachment":[{"href":"https:\/\/arquimobi.com.br\/imoveis\/wp-json\/wp\/v2\/media?parent=5048"}],"curies":[{"name":"wp","href":"https:\/\/api.w.org\/{rel}","templated":true}]}}